{"id":61,"date":"2025-08-05T11:54:29","date_gmt":"2025-08-05T09:54:29","guid":{"rendered":"https:\/\/smakapatjust.caesax.net\/?page_id=61"},"modified":"2025-08-21T14:04:51","modified_gmt":"2025-08-21T12:04:51","slug":"deltagare","status":"publish","type":"page","link":"https:\/\/smakapatjust.caesax.net\/index.php\/program\/deltagare\/","title":{"rendered":"Deltagare"},"content":{"rendered":"<ul class=\"wp-block-latest-posts__list wp-block-latest-posts\"><li><a class=\"wp-block-latest-posts__post-title\" href=\"https:\/\/smakapatjust.caesax.net\/index.php\/2025\/08\/25\/birgitta-lundberg\/\">Birgitta Lundberg<\/a><div class=\"wp-block-latest-posts__post-excerpt\">Program och aktiviteter under Smaka p\u00e5 Tjust: Grytlappar, spishandduk, virkade djur, sockor och vantar \u2013 allt i egen tillverkning och design av Birgitta Lundberg. F\u00f6rs\u00e4ljningsplats under Smaka p\u00e5 Tjust: Sofias Bod, Hulta Kontaktperson:\u00a0Birgitta Lundberg \u00d6ppettider under Smaka p\u00e5 Tjust: 10.00\u201316.00 b\u00e5da dagarna. V\u00e4gbeskrivning: Sv\u00e4ng av E22:an mot Hulta, v\u00e4g 909 (\u00e4ven kallad L\u00e5ngr\u00e5dnav\u00e4gen). Efter ca\u2026 <a class=\"wp-block-latest-posts__read-more\" href=\"https:\/\/smakapatjust.caesax.net\/index.php\/2025\/08\/25\/birgitta-lundberg\/\" rel=\"noopener noreferrer\">L\u00e4s mer<span class=\"screen-reader-text\">: Birgitta Lundberg<\/span><\/a><\/div><\/li>\n<li><a class=\"wp-block-latest-posts__post-title\" href=\"https:\/\/smakapatjust.caesax.net\/index.php\/2025\/08\/21\/helgenas-if\/\">Helgen\u00e4s IF<\/a><div class=\"wp-block-latest-posts__post-excerpt\">Program och aktiviteter under Smaka p\u00e5 Tjust: Tr\u00e4ffa Link\u00f6pings Svampklubb som visar svampar och svarar p\u00e5 fr\u00e5gor (endast p\u00e5 l\u00f6rdagen). F\u00f6rs\u00e4ljning av svampsoppa med br\u00f6d. Upplev lokala hantverk \u2013 Linberedning av Lotta Adre och Anita Lundgren. Stickade vantar med mera av Birgitta L\u00f6nn. Tr\u00e4hantverk av Arne Karlsson. Konstutst\u00e4llning med Monika Hellman och Anna Lundgren. Helgen\u00e4s\u2026 <a class=\"wp-block-latest-posts__read-more\" href=\"https:\/\/smakapatjust.caesax.net\/index.php\/2025\/08\/21\/helgenas-if\/\" rel=\"noopener noreferrer\">L\u00e4s mer<span class=\"screen-reader-text\">: Helgen\u00e4s IF<\/span><\/a><\/div><\/li>\n<li><a class=\"wp-block-latest-posts__post-title\" href=\"https:\/\/smakapatjust.caesax.net\/index.php\/2025\/08\/21\/krosa-stinas-vilda-skafferi\/\">Kr\u00f6sa-Stinas Vilda Skafferi<\/a><div class=\"wp-block-latest-posts__post-excerpt\">Program och aktiviteter under Smaka p\u00e5 Tjust: F\u00f6rs\u00e4ljning av r\u00f6kt viltkorv, r\u00f6kt k\u00f6tt och viltisterband vid Magasinet Caf\u00e9 i Vr\u00e5ka. Varmt v\u00e4lkomna! F\u00f6rs\u00e4ljningsplats under Smaka p\u00e5 Tjust: vid Magasinet Caf\u00e9 i Vr\u00e5ka \u00d6ppettider under Smaka p\u00e5 Tjust: 10.00\u201316.00 b\u00e5da dagarna. V\u00e4gbeskrivning: Sv\u00e4ng av E 22 mellan Gamleby och Valdemarsvik mot \u00d6stra Ed, Skeppsg\u00e5rden. I Hulta\u2026 <a class=\"wp-block-latest-posts__read-more\" href=\"https:\/\/smakapatjust.caesax.net\/index.php\/2025\/08\/21\/krosa-stinas-vilda-skafferi\/\" rel=\"noopener noreferrer\">L\u00e4s mer<span class=\"screen-reader-text\">: Kr\u00f6sa-Stinas Vilda Skafferi<\/span><\/a><\/div><\/li>\n<li><a class=\"wp-block-latest-posts__post-title\" href=\"https:\/\/smakapatjust.caesax.net\/index.php\/2025\/08\/21\/lena-i-lofta\/\">Lena i Lofta<\/a><div class=\"wp-block-latest-posts__post-excerpt\">Program och aktiviteter under Smaka p\u00e5 Tjust: Hos Lena i Lofta finner ni konst, hantverk och presenter i en h\u00e4rlig blandning av f\u00e4rg och fantasi \u2013 allt i egen tillverkning och design av Lena S\u00f6derstr\u00f6m. Varmt v\u00e4lkomna! F\u00f6rs\u00e4ljningsplats under Smaka p\u00e5 Tjust: Lena i Lofta,Trostad 5, 594 93 Gamleby (vid ladan) \u00d6ppettider under Smaka p\u00e5\u2026 <a class=\"wp-block-latest-posts__read-more\" href=\"https:\/\/smakapatjust.caesax.net\/index.php\/2025\/08\/21\/lena-i-lofta\/\" rel=\"noopener noreferrer\">L\u00e4s mer<span class=\"screen-reader-text\">: Lena i Lofta<\/span><\/a><\/div><\/li>\n<li><a class=\"wp-block-latest-posts__post-title\" href=\"https:\/\/smakapatjust.caesax.net\/index.php\/2025\/08\/21\/leoo-fisk\/\">Leoo Fisk<\/a><div class=\"wp-block-latest-posts__post-excerpt\">Program och aktiviteter under Smaka p\u00e5 Tjust: F\u00f6rs\u00e4ljning av r\u00f6kt fisk. Varmt v\u00e4lkomna! F\u00f6rs\u00e4ljningsplats under Smaka p\u00e5 Tjust: vid Mat-torpet Solliden, Odensvi. \u00d6ppettider under Smaka p\u00e5 Tjust: 10.00\u201316.00 b\u00e5da dagarna. V\u00e4gbeskrivning: K\u00f6r till Odensvi och f\u00f6lj v\u00e4gskylt Blackstad, sv\u00e4ng v\u00e4nster vid v\u00e4gskylt Tuna och k\u00f6r cirka 2 km. Fr\u00e5n Blackstad, k\u00f6r mot Odensvi cirka 10\u2026 <a class=\"wp-block-latest-posts__read-more\" href=\"https:\/\/smakapatjust.caesax.net\/index.php\/2025\/08\/21\/leoo-fisk\/\" rel=\"noopener noreferrer\">L\u00e4s mer<span class=\"screen-reader-text\">: Leoo Fisk<\/span><\/a><\/div><\/li>\n<li><a class=\"wp-block-latest-posts__post-title\" href=\"https:\/\/smakapatjust.caesax.net\/index.php\/2025\/08\/21\/lilla-aterbruket\/\">Lilla \u00c5terbruket<\/a><div class=\"wp-block-latest-posts__post-excerpt\">Program och aktiviteter under Smaka p\u00e5 Tjust: I glashyttan tar vi tillvara p\u00e5 uttj\u00e4nat glas och tillverkar nya bruksglas. Hos oss hittar ni bland annat glas, sk\u00e5lar och karaffer. Just denna helg ger vi f\u00f6rslag p\u00e5 dukningar och blomsterarrangemang som passar till mysiga helgmiddagar. F\u00f6rs\u00e4ljningsplats under Smaka p\u00e5 Tjust: Glashyttan Lilla \u00c5terbruket i Vr\u00e5ka \u00d6ppettider\u2026 <a class=\"wp-block-latest-posts__read-more\" href=\"https:\/\/smakapatjust.caesax.net\/index.php\/2025\/08\/21\/lilla-aterbruket\/\" rel=\"noopener noreferrer\">L\u00e4s mer<span class=\"screen-reader-text\">: Lilla \u00c5terbruket<\/span><\/a><\/div><\/li>\n<li><div class=\"wp-block-latest-posts__featured-image alignleft\"><img loading=\"lazy\" decoding=\"async\" width=\"150\" height=\"150\" src=\"https:\/\/smakapatjust.caesax.net\/wp-content\/uploads\/2025\/08\/DSC03855_7_sofias_bod-150x150.jpg\" class=\"attachment-thumbnail size-thumbnail wp-post-image\" alt=\"\" style=\"\" \/><\/div><a class=\"wp-block-latest-posts__post-title\" href=\"https:\/\/smakapatjust.caesax.net\/index.php\/2025\/08\/18\/sofias-bod\/\">Sofias Bod<\/a><div class=\"wp-block-latest-posts__post-excerpt\">Program och aktiviteter under Smaka p\u00e5 Tjust: Under helgen kommer jag som vanligt s\u00e4lja en h\u00e4rlig blandning av gammalt och nytt, men \u00e4ven goda marmelader, sylt, chutney och med mera. Ute p\u00e5 g\u00e5rden blir det \u00e4ven f\u00f6rs\u00e4ljning av fina betongf\u00f6rem\u00e5l fr\u00e5n RJ\u2019s design, fika och grillad korv med br\u00f6d samt hembakade kakor fr\u00e5n Tallemotorp som\u2026 <a class=\"wp-block-latest-posts__read-more\" href=\"https:\/\/smakapatjust.caesax.net\/index.php\/2025\/08\/18\/sofias-bod\/\" rel=\"noopener noreferrer\">L\u00e4s mer<span class=\"screen-reader-text\">: Sofias Bod<\/span><\/a><\/div><\/li>\n<li><a class=\"wp-block-latest-posts__post-title\" href=\"https:\/\/smakapatjust.caesax.net\/index.php\/2025\/08\/21\/textilkonst-utgarden\/\">Textilkonst Utg\u00e5rden<\/a><div class=\"wp-block-latest-posts__post-excerpt\">Program och aktiviteter under Smaka p\u00e5 Tjust: F\u00f6rs\u00e4ljning av egenh\u00e4ndigt tovade och sydda textilier s\u00e5som mattor, kuddar, draperier, v\u00e4skor, barnkl\u00e4nningar med mera. Kardad ull.Varmt v\u00e4lkomna! F\u00f6rs\u00e4ljningsplats under Smaka p\u00e5 Tjust: Utg\u00e5rden, Hulthorva. \u00d6ppettider under Smaka p\u00e5 Tjust: 10.00\u201316.00 b\u00e5da dagarna. V\u00e4gbeskrivning: Fr\u00e5n V\u00e4stervik: E22 norrut, avfart Blackstad. Passera Hummelstad. Avfart mot Blackstad. Vid Hummelstad \u2013\u2026 <a class=\"wp-block-latest-posts__read-more\" href=\"https:\/\/smakapatjust.caesax.net\/index.php\/2025\/08\/21\/textilkonst-utgarden\/\" rel=\"noopener noreferrer\">L\u00e4s mer<span class=\"screen-reader-text\">: Textilkonst Utg\u00e5rden<\/span><\/a><\/div><\/li>\n<li><div class=\"wp-block-latest-posts__featured-image alignleft\"><img loading=\"lazy\" decoding=\"async\" width=\"150\" height=\"150\" src=\"https:\/\/smakapatjust.caesax.net\/wp-content\/uploads\/2025\/08\/maj18-019_tjustad_keramik-150x150.jpg\" class=\"attachment-thumbnail size-thumbnail wp-post-image\" alt=\"\" style=\"\" \/><\/div><a class=\"wp-block-latest-posts__post-title\" href=\"https:\/\/smakapatjust.caesax.net\/index.php\/2025\/08\/21\/tjustad-keramik\/\">Tjustad Keramik<\/a><div class=\"wp-block-latest-posts__post-excerpt\">Program och aktiviteter under Smaka p\u00e5 Tjust: Tjustad Keramik har utst\u00e4llning och f\u00f6rs\u00e4ljning av lergodskeramik samt f\u00e5r-och lammskinn. Varmt v\u00e4lkomna! F\u00f6rs\u00e4ljningsplats under Smaka p\u00e5 Tjust: Ukna (Helens spis &amp; skafferi) \u00d6ppettider under Smaka p\u00e5 Tjust: 10.00\u201316.00 b\u00e5da dagarna. V\u00e4gbeskrivning: K\u00f6r p\u00e5 v\u00e4g E22. N\u00e4r du \u00e4r i h\u00f6jd med Helgen\u00e4s s\u00e5 sv\u00e4nger du av mot\u2026 <a class=\"wp-block-latest-posts__read-more\" href=\"https:\/\/smakapatjust.caesax.net\/index.php\/2025\/08\/21\/tjustad-keramik\/\" rel=\"noopener noreferrer\">L\u00e4s mer<span class=\"screen-reader-text\">: Tjustad Keramik<\/span><\/a><\/div><\/li>\n<li><a class=\"wp-block-latest-posts__post-title\" href=\"https:\/\/smakapatjust.caesax.net\/index.php\/2025\/08\/21\/ukna-hembygdsforening\/\">Ukna Hembygdsf\u00f6rening<\/a><div class=\"wp-block-latest-posts__post-excerpt\">Program och aktiviteter under Smaka p\u00e5 Tjust: Den 20 september blir det pl\u00f6jning vid Edsg\u00e5rden med veterantraktor. F\u00f6rs\u00e4ljning av hamburgare, korv och kaffe. Varmt v\u00e4lkomna! Den 21 september blir det Visning av Raven\u00e4s. Richard och Magdalena, antikvarier fr\u00e5n Kalmar L\u00e4ns museum medverkar. Visning av byggnaderna och ber\u00e4ttelser om vem som bott p\u00e5 g\u00e5rden. Kaffeservering. Varmt\u2026 <a class=\"wp-block-latest-posts__read-more\" href=\"https:\/\/smakapatjust.caesax.net\/index.php\/2025\/08\/21\/ukna-hembygdsforening\/\" rel=\"noopener noreferrer\">L\u00e4s mer<span class=\"screen-reader-text\">: Ukna Hembygdsf\u00f6rening<\/span><\/a><\/div><\/li>\n<\/ul>","protected":false},"excerpt":{"rendered":"","protected":false},"author":1,"featured_media":0,"parent":40,"menu_order":0,"comment_status":"closed","ping_status":"closed","template":"","meta":{"pgc_sgb_lightbox_settings":"","footnotes":""},"class_list":["post-61","page","type-page","status-publish","hentry"],"_links":{"self":[{"href":"https:\/\/smakapatjust.caesax.net\/index.php\/wp-json\/wp\/v2\/pages\/61","targetHints":{"allow":["GET"]}}],"collection":[{"href":"https:\/\/smakapatjust.caesax.net\/index.php\/wp-json\/wp\/v2\/pages"}],"about":[{"href":"https:\/\/smakapatjust.caesax.net\/index.php\/wp-json\/wp\/v2\/types\/page"}],"author":[{"embeddable":true,"href":"https:\/\/smakapatjust.caesax.net\/index.php\/wp-json\/wp\/v2\/users\/1"}],"replies":[{"embeddable":true,"href":"https:\/\/smakapatjust.caesax.net\/index.php\/wp-json\/wp\/v2\/comments?post=61"}],"version-history":[{"count":4,"href":"https:\/\/smakapatjust.caesax.net\/index.php\/wp-json\/wp\/v2\/pages\/61\/revisions"}],"predecessor-version":[{"id":820,"href":"https:\/\/smakapatjust.caesax.net\/index.php\/wp-json\/wp\/v2\/pages\/61\/revisions\/820"}],"up":[{"embeddable":true,"href":"https:\/\/smakapatjust.caesax.net\/index.php\/wp-json\/wp\/v2\/pages\/40"}],"wp:attachment":[{"href":"https:\/\/smakapatjust.caesax.net\/index.php\/wp-json\/wp\/v2\/media?parent=61"}],"curies":[{"name":"wp","href":"https:\/\/api.w.org\/{rel}","templated":true}]}}