{"id":2,"date":"2025-08-04T11:11:11","date_gmt":"2025-08-04T11:11:11","guid":{"rendered":"https:\/\/smakapatjust.caesax.net\/?page_id=2"},"modified":"2025-08-21T15:27:17","modified_gmt":"2025-08-21T13:27:17","slug":"sample-page","status":"publish","type":"page","link":"https:\/\/smakapatjust.caesax.net\/","title":{"rendered":"Smaka p\u00e5 Tjust 2025"},"content":{"rendered":"\n<figure class=\"wp-block-image size-full\"><img loading=\"lazy\" decoding=\"async\" width=\"960\" height=\"350\" src=\"https:\/\/smakapatjust.caesax.net\/wp-content\/uploads\/2025\/08\/toppbild.jpg\" alt=\"\" class=\"wp-image-19\" srcset=\"https:\/\/smakapatjust.caesax.net\/wp-content\/uploads\/2025\/08\/toppbild.jpg 960w, https:\/\/smakapatjust.caesax.net\/wp-content\/uploads\/2025\/08\/toppbild-300x109.jpg 300w, https:\/\/smakapatjust.caesax.net\/wp-content\/uploads\/2025\/08\/toppbild-768x280.jpg 768w\" sizes=\"auto, (max-width: 960px) 100vw, 960px\" \/><\/figure>\n\n\n\n<p>Bes\u00f6k Kultur- och sk\u00f6rdefesten <strong>Smaka p\u00e5 Tjust<\/strong>. <br>Smaka, lyssna, dofta, titta och k\u00e4nn p\u00e5 vad mat- och konsthantverkare har att erbjuda runt om i bygderna. Arrangemanget, det<strong>\u00a0nittonde<\/strong> i ordningen, p\u00e5g\u00e5r i dagarna tv\u00e5 och syftar till att stimulera intresset f\u00f6r mat och kultur, b\u00e5de hos konsumenter och producenter.\u00a0<\/p>\n\n\n\n<p>Bes\u00f6k oss:<\/p>\n\n\n\n<ul class=\"wp-block-list\">\n<li>L\u00f6rdag 20 september kl 10-16<\/li>\n\n\n\n<li>S\u00f6ndag 21 september kl 10-16<\/li>\n<\/ul>\n\n\n\n<p>Programmet kommer som mittuppslag i tidningen Lokala livet i Tjustbygden.<\/p>\n\n\n\n<div style=\"height:10px\" aria-hidden=\"true\" class=\"wp-block-spacer\"><\/div>\n\n\n\n<p><div id=\"travelersmap-container-69e35e99a0c8a\" class=\"travelersmap-container\" style=\"z-index: 1; min-height: 10px; min-width:10px; height:600px;width:100%; max-width:; max-height:; position:relative;\"><div style=\"position:absolute; z-index:-1;top: 50%;text-align: center;display: block;left: 50%;transform: translate(-50%,-50%);\">Travelers' Map is loading...<br>If you see this after your page is loaded completely, leafletJS files are missing.<\/div><\/div><br><\/p>\n\n\n\n<p><\/p>\n","protected":false},"excerpt":{"rendered":"<p>Bes\u00f6k Kultur- och sk\u00f6rdefesten Smaka p\u00e5 Tjust. Smaka, lyssna, dofta, titta och k\u00e4nn p\u00e5 vad mat- och konsthantverkare har att erbjuda runt om i bygderna. Arrangemanget, det\u00a0nittonde i ordningen, p\u00e5g\u00e5r i dagarna tv\u00e5 och syftar till att stimulera intresset f\u00f6r mat och kultur, b\u00e5de hos konsumenter och producenter.\u00a0 Bes\u00f6k oss: Programmet kommer som mittuppslag i [&hellip;]<\/p>\n","protected":false},"author":1,"featured_media":0,"parent":0,"menu_order":0,"comment_status":"closed","ping_status":"open","template":"","meta":{"pgc_sgb_lightbox_settings":"","footnotes":""},"class_list":["post-2","page","type-page","status-publish","hentry"],"_links":{"self":[{"href":"https:\/\/smakapatjust.caesax.net\/index.php\/wp-json\/wp\/v2\/pages\/2","targetHints":{"allow":["GET"]}}],"collection":[{"href":"https:\/\/smakapatjust.caesax.net\/index.php\/wp-json\/wp\/v2\/pages"}],"about":[{"href":"https:\/\/smakapatjust.caesax.net\/index.php\/wp-json\/wp\/v2\/types\/page"}],"author":[{"embeddable":true,"href":"https:\/\/smakapatjust.caesax.net\/index.php\/wp-json\/wp\/v2\/users\/1"}],"replies":[{"embeddable":true,"href":"https:\/\/smakapatjust.caesax.net\/index.php\/wp-json\/wp\/v2\/comments?post=2"}],"version-history":[{"count":13,"href":"https:\/\/smakapatjust.caesax.net\/index.php\/wp-json\/wp\/v2\/pages\/2\/revisions"}],"predecessor-version":[{"id":822,"href":"https:\/\/smakapatjust.caesax.net\/index.php\/wp-json\/wp\/v2\/pages\/2\/revisions\/822"}],"wp:attachment":[{"href":"https:\/\/smakapatjust.caesax.net\/index.php\/wp-json\/wp\/v2\/media?parent=2"}],"curies":[{"name":"wp","href":"https:\/\/api.w.org\/{rel}","templated":true}]}}